{"id":6451,"date":"2025-11-11T22:36:55","date_gmt":"2025-11-11T22:36:55","guid":{"rendered":"https:\/\/aicintl.com\/tienda-AIC\/?post_type=product&#038;p=6451"},"modified":"2025-11-11T22:53:35","modified_gmt":"2025-11-11T22:53:35","slug":"econotape-1-cinta-de-enmascarado-y-fijacion","status":"publish","type":"product","link":"https:\/\/aicintl.com\/tienda-AIC\/producto\/econotape-1-cinta-de-enmascarado-y-fijacion\/","title":{"rendered":"Flashbreaker 1 \u2013 Cinta de Alta Resistencia T\u00e9rmica"},"content":{"rendered":"<ul>\n<li><strong>Flashbreaker 1 \u2013 Cinta de Alta Resistencia T\u00e9rmica<\/strong>\n<ul>\n<li>Cinta adhesiva <strong>de poli\u00e9ster con adhesivo de silic\u00f3n<\/strong>, dise\u00f1ada para proteger bordes y \u00e1reas cr\u00edticas durante el curado.<br \/>\n\u2022 Soporta temperaturas de hasta <strong>204 \u00b0C (400 \u00b0F)<\/strong>.<br \/>\n\u2022 No se quema ni deja residuos sobre moldes o laminados.<br \/>\n\u2022 Recomendable para procesos de <strong>autoclave, horno o curado de prepregs.<\/strong><\/li>\n<\/ul>\n<\/li>\n<\/ul>\n","protected":false},"excerpt":{"rendered":"<p><strong>Flashbreaker 1 \u2013 Cinta de Alta Resistencia T\u00e9rmica<\/strong><\/p>\n<ul>\n<li>Cinta adhesiva <strong>de poli\u00e9ster con adhesivo de silic\u00f3n<\/strong>, dise\u00f1ada para proteger bordes y \u00e1reas cr\u00edticas durante el curado.<br \/>\n\u2022 Soporta temperaturas de hasta <strong>204 \u00b0C (400 \u00b0F)<\/strong>.<br \/>\n\u2022 No se quema ni deja residuos sobre moldes o laminados.<br \/>\n\u2022 Recomendable para procesos de <strong>autoclave, horno o curado de prepregs.<\/strong><\/li>\n<\/ul>\n","protected":false},"featured_media":6454,"comment_status":"open","ping_status":"closed","template":"","meta":{"_joinchat":[]},"product_brand":[],"product_cat":[254],"product_tag":[427],"class_list":{"0":"post-6451","1":"product","2":"type-product","3":"status-publish","4":"has-post-thumbnail","6":"product_cat-infusion-al-vacio","7":"product_tag-infusion-al-vacio","8":"product_shipping_class-caja-2kg-abajo","10":"first","11":"instock","12":"taxable","13":"shipping-taxable","14":"purchasable","15":"product-type-simple"},"jetpack_sharing_enabled":true,"_links":{"self":[{"href":"https:\/\/aicintl.com\/tienda-AIC\/wp-json\/wp\/v2\/product\/6451","targetHints":{"allow":["GET"]}}],"collection":[{"href":"https:\/\/aicintl.com\/tienda-AIC\/wp-json\/wp\/v2\/product"}],"about":[{"href":"https:\/\/aicintl.com\/tienda-AIC\/wp-json\/wp\/v2\/types\/product"}],"replies":[{"embeddable":true,"href":"https:\/\/aicintl.com\/tienda-AIC\/wp-json\/wp\/v2\/comments?post=6451"}],"wp:featuredmedia":[{"embeddable":true,"href":"https:\/\/aicintl.com\/tienda-AIC\/wp-json\/wp\/v2\/media\/6454"}],"wp:attachment":[{"href":"https:\/\/aicintl.com\/tienda-AIC\/wp-json\/wp\/v2\/media?parent=6451"}],"wp:term":[{"taxonomy":"product_brand","embeddable":true,"href":"https:\/\/aicintl.com\/tienda-AIC\/wp-json\/wp\/v2\/product_brand?post=6451"},{"taxonomy":"product_cat","embeddable":true,"href":"https:\/\/aicintl.com\/tienda-AIC\/wp-json\/wp\/v2\/product_cat?post=6451"},{"taxonomy":"product_tag","embeddable":true,"href":"https:\/\/aicintl.com\/tienda-AIC\/wp-json\/wp\/v2\/product_tag?post=6451"}],"curies":[{"name":"wp","href":"https:\/\/api.w.org\/{rel}","templated":true}]}}