{"id":4869,"date":"2025-01-09T22:34:36","date_gmt":"2025-01-09T22:34:36","guid":{"rendered":"https:\/\/aicintl.com\/tienda-AIC\/?post_type=product&#038;p=4869"},"modified":"2025-09-03T15:37:55","modified_gmt":"2025-09-03T15:37:55","slug":"resina-epoxilam-2l-parte-ab","status":"publish","type":"product","link":"https:\/\/aicintl.com\/tienda-AIC\/producto\/resina-epoxilam-2l-parte-ab\/","title":{"rendered":"Resina Epoxilam 4L"},"content":{"rendered":"<p><strong>Sistema ep\u00f3xico \u00a0EPOXYLAM 3:1 de alto rendimiento para laminaci\u00f3n estructural<\/strong><\/p>\n<ol start=\"2\">\n<li><strong> Descripci\u00f3n general<\/strong><br \/>\nEl <strong>AIC Epoxylam 3:1<\/strong> es un sistema ep\u00f3xico dise\u00f1ado para laminaciones de alto desempe\u00f1o, ofreciendo una <strong>excelente resistencia qu\u00edmica, incluyendo resistencia a la gasolina<\/strong>. Disponible con tres endurecedores diferentes \u2014<strong>r\u00e1pido (15 min)<\/strong>, <strong>normal (30 min)<\/strong> y <strong>lento (60 min)<\/strong>\u2014 para adaptarse a las necesidades de cada proyecto y condici\u00f3n de trabajo.<br \/>\nSu versatilidad lo hace ideal para aplicaciones n\u00e1uticas, aeroespaciales, automotrices, de transporte, industriales y recreativas, as\u00ed como para proyectos artesanales de alto valor t\u00e9cnico.<\/li>\n<li><strong> Beneficios clave<\/strong><\/li>\n<\/ol>\n<ul>\n<li>Formulaci\u00f3n con resistencia qu\u00edmica superior<\/li>\n<li>Resistente a combustibles, aceites y solventes<\/li>\n<li>Tres opciones de gel time para mayor control del proceso<\/li>\n<li>Excelente adhesi\u00f3n a fibra de vidrio, fibra de carbono, aramidas y otras fibras t\u00e9cnicas<\/li>\n<li>Curado a temperatura ambiente con alta resistencia mec\u00e1nica<\/li>\n<li>Bajo amarillamiento y gran estabilidad dimensional<\/li>\n<\/ul>\n<ol start=\"4\">\n<li><strong> Usos y aplicaciones recomendadas<\/strong><\/li>\n<\/ol>\n<ul>\n<li>Fabricaci\u00f3n y reparaci\u00f3n de embarcaciones y componentes n\u00e1uticos<\/li>\n<li>Partes y paneles aeroespaciales<\/li>\n<li>Componentes automotrices y de transporte pesado<\/li>\n<li>Laminados estructurales industriales<\/li>\n<li>Proyectos de alto rendimiento en deportes y recreaci\u00f3n<\/li>\n<li>Producci\u00f3n y reparaci\u00f3n de moldes y herramientas<\/li>\n<\/ul>\n<p>PRESENTACIONES: 200ML, 500ML,1L,4L, 8L, 16L y 24L<\/p>\n","protected":false},"excerpt":{"rendered":"<p><strong>Sistema ep\u00f3xico \u00a0EPOXYLAM 3:1 de alto rendimiento para laminaci\u00f3n estructural<\/strong><\/p>\n","protected":false},"featured_media":4870,"comment_status":"open","ping_status":"closed","template":"","meta":{"_joinchat":[]},"product_brand":[],"product_cat":[246,275],"product_tag":[266,267],"class_list":{"0":"post-4869","1":"product","2":"type-product","3":"status-publish","4":"has-post-thumbnail","6":"product_cat-resinas","7":"product_cat-resinas-epoxicas","8":"product_tag-resina-epoxica","9":"product_tag-resina-epoxilam","10":"product_shipping_class-caja-6kg-abajo","12":"first","13":"instock","14":"taxable","15":"shipping-taxable","16":"purchasable","17":"product-type-simple"},"jetpack_sharing_enabled":true,"_links":{"self":[{"href":"https:\/\/aicintl.com\/tienda-AIC\/wp-json\/wp\/v2\/product\/4869","targetHints":{"allow":["GET"]}}],"collection":[{"href":"https:\/\/aicintl.com\/tienda-AIC\/wp-json\/wp\/v2\/product"}],"about":[{"href":"https:\/\/aicintl.com\/tienda-AIC\/wp-json\/wp\/v2\/types\/product"}],"replies":[{"embeddable":true,"href":"https:\/\/aicintl.com\/tienda-AIC\/wp-json\/wp\/v2\/comments?post=4869"}],"wp:featuredmedia":[{"embeddable":true,"href":"https:\/\/aicintl.com\/tienda-AIC\/wp-json\/wp\/v2\/media\/4870"}],"wp:attachment":[{"href":"https:\/\/aicintl.com\/tienda-AIC\/wp-json\/wp\/v2\/media?parent=4869"}],"wp:term":[{"taxonomy":"product_brand","embeddable":true,"href":"https:\/\/aicintl.com\/tienda-AIC\/wp-json\/wp\/v2\/product_brand?post=4869"},{"taxonomy":"product_cat","embeddable":true,"href":"https:\/\/aicintl.com\/tienda-AIC\/wp-json\/wp\/v2\/product_cat?post=4869"},{"taxonomy":"product_tag","embeddable":true,"href":"https:\/\/aicintl.com\/tienda-AIC\/wp-json\/wp\/v2\/product_tag?post=4869"}],"curies":[{"name":"wp","href":"https:\/\/api.w.org\/{rel}","templated":true}]}}